{"id":2333,"date":"2021-10-08T06:56:33","date_gmt":"2021-10-08T06:56:33","guid":{"rendered":"https:\/\/tplabs.co\/izeetak\/?page_id=2333"},"modified":"2024-12-11T10:45:00","modified_gmt":"2024-12-11T10:45:00","slug":"about","status":"publish","type":"page","link":"https:\/\/kmcgroup.az\/index.php\/about\/","title":{"rendered":"Haqq\u0131m\u0131zda"},"content":{"rendered":"\t\t<div data-elementor-type=\"wp-page\" data-elementor-id=\"2333\" class=\"elementor elementor-2333\">\n\t\t\t\t\t\t<section class=\"elementor-section elementor-top-section elementor-element elementor-element-ca0c6a9 elementor-section-stretched decor-circle-moving right elementor-section-boxed elementor-section-height-default elementor-section-height-default\" data-id=\"ca0c6a9\" data-element_type=\"section\" data-settings=\"{&quot;stretch_section&quot;:&quot;section-stretched&quot;}\">\n\t\t\t\t\t\t<div class=\"elementor-container elementor-column-gap-default\">\n\t\t\t\t\t<div class=\"elementor-column elementor-col-100 elementor-top-column elementor-element elementor-element-c8427dd\" data-id=\"c8427dd\" data-element_type=\"column\">\n\t\t\t<div class=\"elementor-widget-wrap elementor-element-populated\">\n\t\t\t\t\t\t<div class=\"elementor-element elementor-element-1c94642 align-center heading-style-1 elementor-widget elementor-widget-mae-headings\" data-id=\"1c94642\" data-element_type=\"widget\" data-widget_type=\"mae-headings.default\">\n\t\t\t\t<div class=\"elementor-widget-container\">\n\t\t\t\t\t\t\t<div class=\"master-heading sep-none\">\n\t\t\t\t        \t        \t<div class=\"pre-heading\"><span class=\"line\"><span class=\"inner\"><\/span><\/span>Biz kimik?<\/div>\n\t        \n\t        \n\t        \t        <h2 class=\"main-heading\">KMC GROUP LLC<\/h2>\n\t        \n\t        \n\t        \t            <div class=\"sub-heading\">\n<\/div>\n\t        \t    <\/div>\n\t    \t\t\t\t<\/div>\n\t\t\t\t<\/div>\n\t\t\t\t<div class=\"elementor-element elementor-element-482ccfb heading-style-1 elementor-widget elementor-widget-mae-headings\" data-id=\"482ccfb\" data-element_type=\"widget\" data-widget_type=\"mae-headings.default\">\n\t\t\t\t<div class=\"elementor-widget-container\">\n\t\t\t\t\t\t\t<div class=\"master-heading sep-none\">\n\t\t\t\t        \n\t        \n\t        \t        <h2 class=\"main-heading\">KMC GROUP LLC, beyn\u0259lxalq lojistika v\u0259 sat\u0131\u015f sah\u0259sind\u0259 lider bir \u015firk\u0259tdir. <\/h2>\n\t        \n\t        \n\t        \t            <div class=\"sub-heading\">End\u00fcstriyal v\u0259 \u00fcmumi ya\u011flar\u0131n t\u0259dar\u00fck\u00e7\u00fcs\u00fc olaraq, m\u00fc\u015ft\u0259ri m\u0259mnuniyy\u0259tini h\u0259r zaman \u00f6n planda tutaraq keyfiyy\u0259tli m\u0259hsullar v\u0259 etibarl\u0131 xidm\u0259t t\u0259qdim etm\u0259yi h\u0259d\u0259fl\u0259yirik.\n<\/div>\n\t        \t    <\/div>\n\t    \t\t\t\t<\/div>\n\t\t\t\t<\/div>\n\t\t\t\t<div class=\"elementor-element elementor-element-3b5bd59 custom-border-right elementor-widget__width-initial elementor-widget-mobile__width-initial icon-position-top hover-effect-none elementor-widget elementor-widget-mae-icon-box\" data-id=\"3b5bd59\" data-element_type=\"widget\" data-widget_type=\"mae-icon-box.default\">\n\t\t\t\t<div class=\"elementor-widget-container\">\n\t\t\t\t\t\n        <div class=\"master-icon-box\" >\n                        \n            <div class=\"inner\">\n                <div class=\"icon-wrap\"><div class=\"master-icon\"><i aria-hidden=\"true\" class=\"ci ci-check3\"><\/i><\/div><\/div>\n                <div class=\"text-wrap\">\n                    <h2 class=\"headline-2\">Misyonumuz:<\/h2><div class=\"desc\"> M\u00fc\u015ft\u0259ril\u0259rimiz\u0259 \u0259n yax\u015f\u0131 xidm\u0259ti t\u0259qdim etm\u0259k, ehtiyaclar\u0131n\u0131 qar\u015f\u0131lamaq v\u0259 sektorda etibarl\u0131 bir t\u0259r\u0259fda\u015f olmaqd\u0131r.<\/div>                <\/div>\n            <\/div>\n\n            <div class=\"bg-static\"><\/div>        <\/div>\n\n        \t\t\t\t<\/div>\n\t\t\t\t<\/div>\n\t\t\t\t<div class=\"elementor-element elementor-element-bb9dca5 custom-border-right elementor-widget__width-initial elementor-widget-mobile__width-initial icon-position-top hover-effect-none elementor-widget elementor-widget-mae-icon-box\" data-id=\"bb9dca5\" data-element_type=\"widget\" data-widget_type=\"mae-icon-box.default\">\n\t\t\t\t<div class=\"elementor-widget-container\">\n\t\t\t\t\t\n        <div class=\"master-icon-box\" >\n                        \n            <div class=\"inner\">\n                <div class=\"icon-wrap\"><div class=\"master-icon\"><i aria-hidden=\"true\" class=\"ci ci-check3\"><\/i><\/div><\/div>\n                <div class=\"text-wrap\">\n                    <h2 class=\"headline-2\">Vizyonumuz: <\/h2><div class=\"desc\">Beyn\u0259lxalq lojistikd\u0259 v\u0259 ya\u011f sat\u0131\u015f\u0131nda liderliyimizi qorumaq, m\u00fc\u015ft\u0259ril\u0259rimiz\u0259 yenilik v\u0259 inki\u015fafla d\u0259y\u0259r qatmaqd\u0131r.<\/div>                <\/div>\n            <\/div>\n\n            <div class=\"bg-static\"><\/div>        <\/div>\n\n        \t\t\t\t<\/div>\n\t\t\t\t<\/div>\n\t\t\t\t<div class=\"elementor-element elementor-element-e250ce6 elementor-widget elementor-widget-spacer\" data-id=\"e250ce6\" data-element_type=\"widget\" data-widget_type=\"spacer.default\">\n\t\t\t\t<div class=\"elementor-widget-container\">\n\t\t\t\t\t\t\t<div class=\"elementor-spacer\">\n\t\t\t<div class=\"elementor-spacer-inner\"><\/div>\n\t\t<\/div>\n\t\t\t\t\t\t<\/div>\n\t\t\t\t<\/div>\n\t\t\t\t<div class=\"elementor-element elementor-element-c1d5249 elementor-widget elementor-widget-spacer\" data-id=\"c1d5249\" data-element_type=\"widget\" data-widget_type=\"spacer.default\">\n\t\t\t\t<div class=\"elementor-widget-container\">\n\t\t\t\t\t\t\t<div class=\"elementor-spacer\">\n\t\t\t<div class=\"elementor-spacer-inner\"><\/div>\n\t\t<\/div>\n\t\t\t\t\t\t<\/div>\n\t\t\t\t<\/div>\n\t\t\t\t\t<\/div>\n\t\t<\/div>\n\t\t\t\t\t<\/div>\n\t\t<\/section>\n\t\t\t\t<section class=\"elementor-section elementor-top-section elementor-element elementor-element-c7f9f78 elementor-section-stretched elementor-section-full_width elementor-section-height-default elementor-section-height-default\" data-id=\"c7f9f78\" data-element_type=\"section\" data-settings=\"{&quot;stretch_section&quot;:&quot;section-stretched&quot;,&quot;background_background&quot;:&quot;classic&quot;}\">\n\t\t\t\t\t\t<div class=\"elementor-container elementor-column-gap-default\">\n\t\t\t\t\t<div class=\"elementor-column elementor-col-100 elementor-top-column elementor-element elementor-element-90f1fe9\" data-id=\"90f1fe9\" data-element_type=\"column\">\n\t\t\t<div class=\"elementor-widget-wrap elementor-element-populated\">\n\t\t\t\t\t\t<div class=\"elementor-element elementor-element-aca55ff pointer-event-none elementor-widget elementor-widget-mae-particles\" data-id=\"aca55ff\" data-element_type=\"widget\" data-widget_type=\"mae-particles.default\">\n\t\t\t\t<div class=\"elementor-widget-container\">\n\t\t\t\t\t\n        <div class=\"master-particles\" data-config='{\"json\":\"{\\\"particles\\\":{\\\"number\\\":{\\\"value\\\":200,\\\"density\\\":{\\\"enable\\\":true,\\\"value_area\\\":800}},\\\"color\\\":{\\\"value\\\":\\\"#dbe0e4\\\"},\\\"shape\\\":{\\\"type\\\":\\\"circle\\\",\\\"stroke\\\":{\\\"width\\\":0,\\\"color\\\":\\\"#000000\\\"},\\\"polygon\\\":{\\\"nb_sides\\\":5},\\\"image\\\":{\\\"src\\\":\\\"img\\\/github.svg\\\",\\\"width\\\":100,\\\"height\\\":100}},\\\"opacity\\\":{\\\"value\\\":0.5,\\\"random\\\":false,\\\"anim\\\":{\\\"enable\\\":false,\\\"speed\\\":1,\\\"opacity_min\\\":0.1,\\\"sync\\\":false}},\\\"size\\\":{\\\"value\\\":4,\\\"random\\\":false,\\\"anim\\\":{\\\"enable\\\":false,\\\"speed\\\":40,\\\"size_min\\\":0.1,\\\"sync\\\":false}},\\\"line_linked\\\":{\\\"enable\\\":true,\\\"distance\\\":150,\\\"color\\\":\\\"#dbe0e4\\\",\\\"opacity\\\":0.4,\\\"width\\\":2},\\\"move\\\":{\\\"enable\\\":true,\\\"speed\\\":6,\\\"direction\\\":\\\"none\\\",\\\"random\\\":false,\\\"straight\\\":false,\\\"out_mode\\\":\\\"out\\\",\\\"bounce\\\":false,\\\"attract\\\":{\\\"enable\\\":false,\\\"rotateX\\\":600,\\\"rotateY\\\":1200}}},\\\"interactivity\\\":{\\\"detect_on\\\":\\\"canvas\\\",\\\"events\\\":{\\\"onhover\\\":{\\\"enable\\\":false,\\\"mode\\\":\\\"repulse\\\"},\\\"onclick\\\":{\\\"enable\\\":false,\\\"mode\\\":\\\"push\\\"},\\\"resize\\\":true},\\\"modes\\\":{\\\"grab\\\":{\\\"distance\\\":400,\\\"line_linked\\\":{\\\"opacity\\\":1}},\\\"bubble\\\":{\\\"distance\\\":400,\\\"size\\\":40,\\\"duration\\\":2,\\\"opacity\\\":8,\\\"speed\\\":3},\\\"repulse\\\":{\\\"distance\\\":200,\\\"duration\\\":0.4},\\\"push\\\":{\\\"particles_nb\\\":4},\\\"remove\\\":{\\\"particles_nb\\\":2}}},\\\"retina_detect\\\":true}\"}'>\n            <div id=\"particles-js\" class=\"canvas-particles\"><\/div>\n        <\/div>\n    \t\t\t\t<\/div>\n\t\t\t\t<\/div>\n\t\t\t\t<div class=\"elementor-element elementor-element-7d649e8 elementor-widget elementor-widget-spacer\" data-id=\"7d649e8\" data-element_type=\"widget\" data-widget_type=\"spacer.default\">\n\t\t\t\t<div class=\"elementor-widget-container\">\n\t\t\t\t\t\t\t<div class=\"elementor-spacer\">\n\t\t\t<div class=\"elementor-spacer-inner\"><\/div>\n\t\t<\/div>\n\t\t\t\t\t\t<\/div>\n\t\t\t\t<\/div>\n\t\t\t\t<section class=\"elementor-section elementor-inner-section elementor-element elementor-element-f9d9845 elementor-section-boxed elementor-section-height-default elementor-section-height-default\" data-id=\"f9d9845\" data-element_type=\"section\">\n\t\t\t\t\t\t<div class=\"elementor-container elementor-column-gap-default\">\n\t\t\t\t\t<div class=\"elementor-column elementor-col-50 elementor-inner-column elementor-element elementor-element-d531c8a\" data-id=\"d531c8a\" data-element_type=\"column\">\n\t\t\t<div class=\"elementor-widget-wrap elementor-element-populated\">\n\t\t\t\t\t\t<div class=\"elementor-element elementor-element-537df2f heading-style-1 elementor-widget elementor-widget-mae-headings\" data-id=\"537df2f\" data-element_type=\"widget\" data-widget_type=\"mae-headings.default\">\n\t\t\t\t<div class=\"elementor-widget-container\">\n\t\t\t\t\t\t\t<div class=\"master-heading sep-none\">\n\t\t\t\t        \t        \t<div class=\"pre-heading\"><span class=\"line\"><span class=\"inner\"><\/span><\/span>KMC GROUP LLC<\/div>\n\t        \n\t        \n\t        \t        <h2 class=\"main-heading\">G\u00f6rd\u00fcy\u00fcm\u00fcz i\u015fl\u0259r<\/h2>\n\t        \n\t        \n\t        \t    <\/div>\n\t    \t\t\t\t<\/div>\n\t\t\t\t<\/div>\n\t\t\t\t\t<\/div>\n\t\t<\/div>\n\t\t\t\t<div class=\"elementor-column elementor-col-50 elementor-inner-column elementor-element elementor-element-ea9964d\" data-id=\"ea9964d\" data-element_type=\"column\">\n\t\t\t<div class=\"elementor-widget-wrap elementor-element-populated\">\n\t\t\t\t\t\t<div class=\"elementor-element elementor-element-b61ba81 custom-arrow-left testimonial-style-1 elementor-widget elementor-widget-mae-testimonial-carousel\" data-id=\"b61ba81\" data-element_type=\"widget\" data-widget_type=\"mae-testimonial-carousel.default\">\n\t\t\t\t<div class=\"elementor-widget-container\">\n\t\t\t\t\t\n        <div class=\"master-carousel-box\" data-config='{\"column\":1,\"columnTablet\":2,\"columnMobile\":1,\"gap\":30,\"arrowPosition\":\"middle\",\"arrowMiddleOffset\":\"60px\",\"arrowTopOffset\":null,\"activeIndex\":1,\"autoPlay\":false,\"stretch\":\"stretch-right\",\"prevNextButtons\":true,\"pageDots\":false}'>\n                                                    <div class=\"master-testimonial mlr-962371333 item-carousel elementor-repeater-item-726ecbf\">\n                            <div class=\"avatar-wrap\">\n                                <div class=\"avatar\"><img fetchpriority=\"high\" decoding=\"async\" width=\"1594\" height=\"537\" src=\"https:\/\/kmcgroup.az\/wp-content\/uploads\/2021\/11\/section-bg-globe.jpg\" class=\"attachment-full size-full\" alt=\"\" srcset=\"https:\/\/kmcgroup.az\/wp-content\/uploads\/2021\/11\/section-bg-globe.jpg 1594w, https:\/\/kmcgroup.az\/wp-content\/uploads\/2021\/11\/section-bg-globe-300x101.jpg 300w, https:\/\/kmcgroup.az\/wp-content\/uploads\/2021\/11\/section-bg-globe-1024x345.jpg 1024w, https:\/\/kmcgroup.az\/wp-content\/uploads\/2021\/11\/section-bg-globe-768x259.jpg 768w, https:\/\/kmcgroup.az\/wp-content\/uploads\/2021\/11\/section-bg-globe-1536x517.jpg 1536w\" sizes=\"(max-width: 1594px) 100vw, 1594px\" \/><\/div>                            <\/div>\n\n                            <div class=\"content-wrap\">\n                                <div class=\"comment\"><h4>\u2981 Beyn\u0259lxalq Lojistika v\u0259 Sat\u0131\u015f<\/h4><\/div>\n                                <div class=\"author-wrap\">\n                                    <h3 class=\"name\">Qlobal miqyasda m\u0259hsullar\u0131n t\u0259hl\u00fck\u0259siz v\u0259 s\u00fcr\u0259tli da\u011f\u0131t\u0131m\u0131n\u0131 t\u0259min edirik.<\/h3>                                <\/div>\n                            <\/div>\n                        <\/div>\n                                                                        <div class=\"master-testimonial mlr-396388634 item-carousel elementor-repeater-item-ce2a82c\">\n                            <div class=\"avatar-wrap\">\n                                <div class=\"avatar\"><\/div>                            <\/div>\n\n                            <div class=\"content-wrap\">\n                                <div class=\"comment\"><h5>\u2981 End\u00fcstriyal v\u0259 \u00dcmumi Ya\u011f T\u0259dar\u00fck\u00fc<\/h5><\/div>\n                                <div class=\"author-wrap\">\n                                    <h3 class=\"name\">M\u00fcxt\u0259lif sektorlar \u00fc\u00e7\u00fcn y\u00fcks\u0259k keyfiyy\u0259tli end\u00fcstriyal v\u0259 \u00fcmumi ya\u011flar\u0131n t\u0259dar\u00fck\u00fcnd\u0259 ixtisasla\u015fm\u0131\u015f\u0131q.<\/h3>                                <\/div>\n                            <\/div>\n                        <\/div>\n                                        <\/div>\n\n        \t\t\t\t<\/div>\n\t\t\t\t<\/div>\n\t\t\t\t\t<\/div>\n\t\t<\/div>\n\t\t\t\t\t<\/div>\n\t\t<\/section>\n\t\t\t\t<div class=\"elementor-element elementor-element-7f27024 elementor-widget elementor-widget-spacer\" data-id=\"7f27024\" data-element_type=\"widget\" data-widget_type=\"spacer.default\">\n\t\t\t\t<div class=\"elementor-widget-container\">\n\t\t\t\t\t\t\t<div class=\"elementor-spacer\">\n\t\t\t<div class=\"elementor-spacer-inner\"><\/div>\n\t\t<\/div>\n\t\t\t\t\t\t<\/div>\n\t\t\t\t<\/div>\n\t\t\t\t\t<\/div>\n\t\t<\/div>\n\t\t\t\t\t<\/div>\n\t\t<\/section>\n\t\t\t\t<section class=\"elementor-section elementor-top-section elementor-element elementor-element-eae6cf3 elementor-section-boxed elementor-section-height-default elementor-section-height-default\" data-id=\"eae6cf3\" data-element_type=\"section\">\n\t\t\t\t\t\t<div class=\"elementor-container elementor-column-gap-default\">\n\t\t\t\t\t<div class=\"elementor-column elementor-col-100 elementor-top-column elementor-element elementor-element-1d83b10\" data-id=\"1d83b10\" data-element_type=\"column\">\n\t\t\t<div class=\"elementor-widget-wrap elementor-element-populated\">\n\t\t\t\t\t\t<div class=\"elementor-element elementor-element-f789d61 elementor-widget elementor-widget-spacer\" data-id=\"f789d61\" data-element_type=\"widget\" data-widget_type=\"spacer.default\">\n\t\t\t\t<div class=\"elementor-widget-container\">\n\t\t\t\t\t\t\t<div class=\"elementor-spacer\">\n\t\t\t<div class=\"elementor-spacer-inner\"><\/div>\n\t\t<\/div>\n\t\t\t\t\t\t<\/div>\n\t\t\t\t<\/div>\n\t\t\t\t\t<\/div>\n\t\t<\/div>\n\t\t\t\t\t<\/div>\n\t\t<\/section>\n\t\t\t\t<section class=\"elementor-section elementor-top-section elementor-element elementor-element-871408a elementor-section-boxed elementor-section-height-default elementor-section-height-default elementor-invisible\" data-id=\"871408a\" data-element_type=\"section\" data-settings=\"{&quot;background_background&quot;:&quot;classic&quot;,&quot;animation&quot;:&quot;fadeInUp&quot;}\">\n\t\t\t\t\t\t<div class=\"elementor-container elementor-column-gap-no\">\n\t\t\t\t\t<div class=\"elementor-column elementor-col-100 elementor-top-column elementor-element elementor-element-110aca7\" data-id=\"110aca7\" data-element_type=\"column\">\n\t\t\t<div class=\"elementor-widget-wrap elementor-element-populated\">\n\t\t\t\t\t\t<div class=\"elementor-element elementor-element-fa7b562 elementor-widget elementor-widget-heading\" data-id=\"fa7b562\" data-element_type=\"widget\" data-widget_type=\"heading.default\">\n\t\t\t\t<div class=\"elementor-widget-container\">\n\t\t\t\t\t<h2 class=\"elementor-heading-title elementor-size-default\">Komandam\u0131z<\/h2>\t\t\t\t<\/div>\n\t\t\t\t<\/div>\n\t\t\t\t<div class=\"elementor-element elementor-element-21cb516 elementor-widget elementor-widget-spacer\" data-id=\"21cb516\" data-element_type=\"widget\" data-widget_type=\"spacer.default\">\n\t\t\t\t<div class=\"elementor-widget-container\">\n\t\t\t\t\t\t\t<div class=\"elementor-spacer\">\n\t\t\t<div class=\"elementor-spacer-inner\"><\/div>\n\t\t<\/div>\n\t\t\t\t\t\t<\/div>\n\t\t\t\t<\/div>\n\t\t\t\t<div class=\"elementor-element elementor-element-1f74968 elementor-widget elementor-widget-text-editor\" data-id=\"1f74968\" data-element_type=\"widget\" data-widget_type=\"text-editor.default\">\n\t\t\t\t<div class=\"elementor-widget-container\">\n\t\t\t\t\t\t\t\t\t<p>Pe\u015f\u0259kar komandam\u0131z, sektordak\u0131 inki\u015faflar\u0131 izl\u0259y\u0259r\u0259k \u0259n yax\u015f\u0131 h\u0259ll\u0259ri t\u0259qdim etm\u0259k \u00fc\u00e7\u00fcn \u00e7al\u0131\u015f\u0131r.<\/p>\t\t\t\t\t\t\t\t<\/div>\n\t\t\t\t<\/div>\n\t\t\t\t<div class=\"elementor-element elementor-element-5812625 elementor-widget elementor-widget-spacer\" data-id=\"5812625\" data-element_type=\"widget\" data-widget_type=\"spacer.default\">\n\t\t\t\t<div class=\"elementor-widget-container\">\n\t\t\t\t\t\t\t<div class=\"elementor-spacer\">\n\t\t\t<div class=\"elementor-spacer-inner\"><\/div>\n\t\t<\/div>\n\t\t\t\t\t\t<\/div>\n\t\t\t\t<\/div>\n\t\t\t\t\t<\/div>\n\t\t<\/div>\n\t\t\t\t\t<\/div>\n\t\t<\/section>\n\t\t<div class=\"elementor-element elementor-element-ebda05c e-flex e-con-boxed e-con e-parent\" data-id=\"ebda05c\" data-element_type=\"container\">\n\t\t\t\t\t<div class=\"e-con-inner\">\n\t\t\t\t<div class=\"elementor-element elementor-element-cff3fe4 elementor-widget elementor-widget-mae-team-carousel\" data-id=\"cff3fe4\" data-element_type=\"widget\" data-widget_type=\"mae-team-carousel.default\">\n\t\t\t\t<div class=\"elementor-widget-container\">\n\t\t\t\t\t\n        <div class=\"master-carousel-box mlr-246152738\" data-config='{\"column\":\"\",\"gap\":\"\",\"arrowPosition\":null,\"arrowMiddleOffset\":null,\"arrowTopOffset\":null,\"stretch\":\"no\",\"autoPlay\":true,\"prevNextButtons\":false,\"pageDots\":false,\"activeIndex\":\"\"}'>\n                            <div class=\"master-team item-carousel\">\n                    <div class=\"inner\">\n                        <div class=\"image-wrap\">\n                            <div class=\"avatar\"><a aria-label=\"avatar\" href=\"#\"><img decoding=\"async\" alt=\"Image\" src=\"https:\/\/kmcgroup.az\/wp-content\/plugins\/elementor\/assets\/images\/placeholder.png\" ><\/a><\/div><div class=\"socials-wrap\"><a aria-label=\"icon\" href=\"#\"><i aria-hidden=\"true\" class=\"ci-twitter\"><\/i><\/a><a aria-label=\"icon\" href=\"#\"><i aria-hidden=\"true\" class=\"ci-facebook-square\"><\/i><\/a><a aria-label=\"icon\" href=\"#\"><i aria-hidden=\"true\" class=\"ci-pinterest\"><\/i><\/a><a aria-label=\"icon\" href=\"#\"><i aria-hidden=\"true\" class=\"ci-instagram\"><\/i><\/a><\/div>                        <\/div>\n\n                        <div class=\"content-wrap\">\n                            <div class=\"name-role-info\">\n                                <h3 class=\"team-name\"><a href=\"#\">Member #1<\/a><\/h3><span class=\"team-role\">Manager<\/span>                            <\/div>\n                        <\/div>\n                    <\/div>\n                <\/div>\n                            <div class=\"master-team item-carousel\">\n                    <div class=\"inner\">\n                        <div class=\"image-wrap\">\n                            <div class=\"avatar\"><a aria-label=\"avatar\" href=\"#\"><img decoding=\"async\" alt=\"Image\" src=\"https:\/\/kmcgroup.az\/wp-content\/plugins\/elementor\/assets\/images\/placeholder.png\" ><\/a><\/div><div class=\"socials-wrap\"><a aria-label=\"icon\" href=\"#\"><i aria-hidden=\"true\" class=\"ci-twitter\"><\/i><\/a><a aria-label=\"icon\" href=\"#\"><i aria-hidden=\"true\" class=\"ci-facebook-square\"><\/i><\/a><a aria-label=\"icon\" href=\"#\"><i aria-hidden=\"true\" class=\"ci-pinterest\"><\/i><\/a><a aria-label=\"icon\" href=\"#\"><i aria-hidden=\"true\" class=\"ci-instagram\"><\/i><\/a><\/div>                        <\/div>\n\n                        <div class=\"content-wrap\">\n                            <div class=\"name-role-info\">\n                                <h3 class=\"team-name\"><a href=\"#\">Member #2<\/a><\/h3><span class=\"team-role\">Manager<\/span>                            <\/div>\n                        <\/div>\n                    <\/div>\n                <\/div>\n                            <div class=\"master-team item-carousel\">\n                    <div class=\"inner\">\n                        <div class=\"image-wrap\">\n                            <div class=\"avatar\"><a aria-label=\"avatar\" href=\"#\"><img decoding=\"async\" alt=\"Image\" src=\"https:\/\/kmcgroup.az\/wp-content\/plugins\/elementor\/assets\/images\/placeholder.png\" ><\/a><\/div><div class=\"socials-wrap\"><a aria-label=\"icon\" href=\"#\"><i aria-hidden=\"true\" class=\"ci-twitter\"><\/i><\/a><a aria-label=\"icon\" href=\"#\"><i aria-hidden=\"true\" class=\"ci-facebook-square\"><\/i><\/a><a aria-label=\"icon\" href=\"#\"><i aria-hidden=\"true\" class=\"ci-pinterest\"><\/i><\/a><a aria-label=\"icon\" href=\"#\"><i aria-hidden=\"true\" class=\"ci-instagram\"><\/i><\/a><\/div>                        <\/div>\n\n                        <div class=\"content-wrap\">\n                            <div class=\"name-role-info\">\n                                <h3 class=\"team-name\"><a href=\"#\">Member #3<\/a><\/h3><span class=\"team-role\">Manager<\/span>                            <\/div>\n                        <\/div>\n                    <\/div>\n                <\/div>\n                    <\/div>\n\n        \t\t\t\t<\/div>\n\t\t\t\t<\/div>\n\t\t\t\t\t<\/div>\n\t\t\t\t<\/div>\n\t\t\t\t<\/div>\n\t\t","protected":false},"excerpt":{"rendered":"<p>Biz kimik? KMC GROUP LLC KMC GROUP LLC, beyn\u0259lxalq lojistika v\u0259 sat\u0131\u015f sah\u0259sind\u0259 lider bir \u015firk\u0259tdir. End\u00fcstriyal v\u0259 \u00fcmumi ya\u011flar\u0131n t\u0259dar\u00fck\u00e7\u00fcs\u00fc olaraq, m\u00fc\u015ft\u0259ri m\u0259mnuniyy\u0259tini h\u0259r zaman \u00f6n planda tutaraq keyfiyy\u0259tli m\u0259hsullar v\u0259 etibarl\u0131 xidm\u0259t t\u0259qdim etm\u0259yi h\u0259d\u0259fl\u0259yirik. Misyonumuz: M\u00fc\u015ft\u0259ril\u0259rimiz\u0259 \u0259n yax\u015f\u0131 xidm\u0259ti t\u0259qdim etm\u0259k, ehtiyaclar\u0131n\u0131 qar\u015f\u0131lamaq v\u0259 sektorda etibarl\u0131 bir<\/p>\n","protected":false},"author":1,"featured_media":0,"parent":0,"menu_order":0,"comment_status":"closed","ping_status":"closed","template":"","meta":{"footnotes":""},"class_list":["post-2333","page","type-page","status-publish","hentry"],"_links":{"self":[{"href":"https:\/\/kmcgroup.az\/index.php\/wp-json\/wp\/v2\/pages\/2333","targetHints":{"allow":["GET"]}}],"collection":[{"href":"https:\/\/kmcgroup.az\/index.php\/wp-json\/wp\/v2\/pages"}],"about":[{"href":"https:\/\/kmcgroup.az\/index.php\/wp-json\/wp\/v2\/types\/page"}],"author":[{"embeddable":true,"href":"https:\/\/kmcgroup.az\/index.php\/wp-json\/wp\/v2\/users\/1"}],"replies":[{"embeddable":true,"href":"https:\/\/kmcgroup.az\/index.php\/wp-json\/wp\/v2\/comments?post=2333"}],"version-history":[{"count":59,"href":"https:\/\/kmcgroup.az\/index.php\/wp-json\/wp\/v2\/pages\/2333\/revisions"}],"predecessor-version":[{"id":4604,"href":"https:\/\/kmcgroup.az\/index.php\/wp-json\/wp\/v2\/pages\/2333\/revisions\/4604"}],"wp:attachment":[{"href":"https:\/\/kmcgroup.az\/index.php\/wp-json\/wp\/v2\/media?parent=2333"}],"curies":[{"name":"wp","href":"https:\/\/api.w.org\/{rel}","templated":true}]}}